{"id":27,"date":"2011-11-23T13:49:01","date_gmt":"2011-11-23T13:49:01","guid":{"rendered":"http:\/\/aveculture.fr\/?page_id=27"},"modified":"2023-05-16T09:05:23","modified_gmt":"2023-05-16T09:05:23","slug":"presentation","status":"publish","type":"page","link":"https:\/\/preprod.alarencontre.de\/aveculture\/","title":{"rendered":"En quelques mots&#8230;"},"content":{"rendered":"<p><strong>AVE Culture<\/strong> \u0153uvre pour une action culturelle<strong> innovante<\/strong> et <strong>pertinente<\/strong>, plus particuli\u00e8rement dans la valorisation patrimoniale (mus\u00e9es, centres d\u2019interpr\u00e9tation, monuments historiques, sites naturels ou culturels remarquables).<\/p>\n<p>Ses <strong>trois missions<\/strong> couvrent un panel \u00e9toff\u00e9 de prestations\u00a0:<\/p>\n<p>&#8211; l\u2019<strong>Accompagnement<\/strong> des \u00e9tablissements (d\u00e9finition du projet, des cahiers des charges et suivi de chantier) ou des personnes (formation professionnelle)\u00a0 dans la r\u00e9alisation et la finalisation de projets culturels ;<br \/>\n&#8211; la <strong>Valorisation<\/strong> du patrimoine culturel sous toutes ses formes, par la conception de parcours\u00a0 d\u2019interpr\u00e9tation et la production d\u2019outils (panneaux, audiovisuels, multim\u00e9dias&#8230;) adapt\u00e9s \u00e0 chaque situation ;<br \/>\n&#8211; l\u2019<strong>\u00c9tude<\/strong> d\u2019opportunit\u00e9, de co\u00fbt et de faisabilit\u00e9, afin de garantir l\u2019emploi optimal des ressources et moyens allou\u00e9s pour chacun de vos projets.<\/p>\n<p style=\"text-align: justify;\">Le dossier de pr\u00e9sentation de AVE Culture est t\u00e9l\u00e9chargeable au format .pdf en <a href=\"https:\/\/preprod.alarencontre.de\/aveculture\/wp-content\/uploads\/2023\/05\/dossier_presentation_aveculture_2023.pdf\" target=\"_blank\" rel=\"noreferrer noopener\"><strong>cliquant ici<\/strong><\/a><\/p>\n<p><img loading=\"lazy\" decoding=\"async\" class=\"aligncenter size-full wp-image-616\" src=\"https:\/\/preprod.alarencontre.de\/aveculture\/wp-content\/uploads\/2011\/11\/bandeau_accueil_web.jpg\" alt=\"bandeau_accueil_web\" width=\"710\" height=\"300\" srcset=\"https:\/\/preprod.alarencontre.de\/aveculture\/wp-content\/uploads\/2011\/11\/bandeau_accueil_web.jpg 710w, https:\/\/preprod.alarencontre.de\/aveculture\/wp-content\/uploads\/2011\/11\/bandeau_accueil_web-300x127.jpg 300w\" sizes=\"auto, (max-width: 710px) 100vw, 710px\" \/><\/p>\n","protected":false},"excerpt":{"rendered":"<p>AVE Culture \u0153uvre pour une action culturelle innovante et pertinente, plus particuli\u00e8rement dans la valorisation patrimoniale (mus\u00e9es, centres d\u2019interpr\u00e9tation, monuments historiques, sites naturels ou culturels remarquables). Ses trois missions couvrent un panel \u00e9toff\u00e9 de prestations\u00a0: &#8211; l\u2019Accompagnement des \u00e9tablissements (d\u00e9finition du projet, des cahiers des charges et suivi de chantier) ou des personnes (formation professionnelle)\u00a0 &hellip; <a href=\"https:\/\/preprod.alarencontre.de\/aveculture\/\" class=\"more-link\">Continuer la lecture de <span class=\"screen-reader-text\">En quelques mots&#8230;<\/span><\/a><\/p>\n","protected":false},"author":4,"featured_media":198,"parent":0,"menu_order":0,"comment_status":"closed","ping_status":"closed","template":"","meta":{"iawp_total_views":1079,"footnotes":""},"class_list":["post-27","page","type-page","status-publish","has-post-thumbnail","hentry"],"yoast_head":"<!-- This site is optimized with the Yoast SEO plugin v27.3 - https:\/\/yoast.com\/product\/yoast-seo-wordpress\/ -->\n<title>En quelques mots... - AVE Culture<\/title>\n<meta name=\"description\" content=\"En quelques mots...\" \/>\n<meta name=\"robots\" content=\"index, follow, max-snippet:-1, max-image-preview:large, max-video-preview:-1\" \/>\n<link rel=\"canonical\" href=\"https:\/\/preprod.alarencontre.de\/aveculture\/\" \/>\n<meta property=\"og:locale\" content=\"fr_FR\" \/>\n<meta property=\"og:type\" content=\"article\" \/>\n<meta property=\"og:title\" content=\"En quelques mots... - AVE Culture\" \/>\n<meta property=\"og:description\" content=\"En quelques mots...\" \/>\n<meta property=\"og:url\" content=\"https:\/\/preprod.alarencontre.de\/aveculture\/\" \/>\n<meta property=\"og:site_name\" content=\"AVE Culture\" \/>\n<meta property=\"article:publisher\" content=\"https:\/\/www.facebook.com\/AVE.Culture\" \/>\n<meta property=\"article:modified_time\" content=\"2023-05-16T09:05:23+00:00\" \/>\n<meta property=\"og:image\" content=\"https:\/\/preprod.alarencontre.de\/aveculture\/wp-content\/uploads\/2012\/05\/baniere_1-e1337689695773.jpg\" \/>\n\t<meta property=\"og:image:width\" content=\"900\" \/>\n\t<meta property=\"og:image:height\" content=\"408\" \/>\n\t<meta property=\"og:image:type\" content=\"image\/jpeg\" \/>\n<meta name=\"twitter:card\" content=\"summary_large_image\" \/>\n<meta name=\"twitter:site\" content=\"@AVECulture\" \/>\n<meta name=\"twitter:label1\" content=\"Dur\u00e9e de lecture estim\u00e9e\" \/>\n\t<meta name=\"twitter:data1\" content=\"1 minute\" \/>\n<script type=\"application\/ld+json\" class=\"yoast-schema-graph\">{\"@context\":\"https:\\\/\\\/schema.org\",\"@graph\":[{\"@type\":\"WebPage\",\"@id\":\"https:\\\/\\\/preprod.alarencontre.de\\\/aveculture\\\/\",\"url\":\"https:\\\/\\\/preprod.alarencontre.de\\\/aveculture\\\/\",\"name\":\"En quelques mots... - AVE Culture\",\"isPartOf\":{\"@id\":\"https:\\\/\\\/preprod.alarencontre.de\\\/aveculture\\\/#website\"},\"primaryImageOfPage\":{\"@id\":\"https:\\\/\\\/preprod.alarencontre.de\\\/aveculture\\\/#primaryimage\"},\"image\":{\"@id\":\"https:\\\/\\\/preprod.alarencontre.de\\\/aveculture\\\/#primaryimage\"},\"thumbnailUrl\":\"https:\\\/\\\/preprod.alarencontre.de\\\/aveculture\\\/wp-content\\\/uploads\\\/2012\\\/05\\\/baniere_1-e1337689695773.jpg\",\"datePublished\":\"2011-11-23T13:49:01+00:00\",\"dateModified\":\"2023-05-16T09:05:23+00:00\",\"description\":\"En quelques mots...\",\"breadcrumb\":{\"@id\":\"https:\\\/\\\/preprod.alarencontre.de\\\/aveculture\\\/#breadcrumb\"},\"inLanguage\":\"fr-FR\",\"potentialAction\":[{\"@type\":\"ReadAction\",\"target\":[\"https:\\\/\\\/preprod.alarencontre.de\\\/aveculture\\\/\"]}]},{\"@type\":\"ImageObject\",\"inLanguage\":\"fr-FR\",\"@id\":\"https:\\\/\\\/preprod.alarencontre.de\\\/aveculture\\\/#primaryimage\",\"url\":\"https:\\\/\\\/preprod.alarencontre.de\\\/aveculture\\\/wp-content\\\/uploads\\\/2012\\\/05\\\/baniere_1-e1337689695773.jpg\",\"contentUrl\":\"https:\\\/\\\/preprod.alarencontre.de\\\/aveculture\\\/wp-content\\\/uploads\\\/2012\\\/05\\\/baniere_1-e1337689695773.jpg\",\"width\":\"900\",\"height\":\"408\"},{\"@type\":\"BreadcrumbList\",\"@id\":\"https:\\\/\\\/preprod.alarencontre.de\\\/aveculture\\\/#breadcrumb\",\"itemListElement\":[{\"@type\":\"ListItem\",\"position\":1,\"name\":\"Accueil\",\"item\":\"https:\\\/\\\/preprod.alarencontre.de\\\/aveculture\\\/\"},{\"@type\":\"ListItem\",\"position\":2,\"name\":\"En quelques mots&#8230;\"}]},{\"@type\":\"WebSite\",\"@id\":\"https:\\\/\\\/preprod.alarencontre.de\\\/aveculture\\\/#website\",\"url\":\"https:\\\/\\\/preprod.alarencontre.de\\\/aveculture\\\/\",\"name\":\"AVE Culture\",\"description\":\"Accompagner - Valoriser - Etudier\",\"publisher\":{\"@id\":\"https:\\\/\\\/preprod.alarencontre.de\\\/aveculture\\\/#organization\"},\"potentialAction\":[{\"@type\":\"SearchAction\",\"target\":{\"@type\":\"EntryPoint\",\"urlTemplate\":\"https:\\\/\\\/preprod.alarencontre.de\\\/aveculture\\\/?s={search_term_string}\"},\"query-input\":{\"@type\":\"PropertyValueSpecification\",\"valueRequired\":true,\"valueName\":\"search_term_string\"}}],\"inLanguage\":\"fr-FR\"},{\"@type\":\"Organization\",\"@id\":\"https:\\\/\\\/preprod.alarencontre.de\\\/aveculture\\\/#organization\",\"name\":\"AVE CULTURE\",\"url\":\"https:\\\/\\\/preprod.alarencontre.de\\\/aveculture\\\/\",\"logo\":{\"@type\":\"ImageObject\",\"inLanguage\":\"fr-FR\",\"@id\":\"https:\\\/\\\/preprod.alarencontre.de\\\/aveculture\\\/#\\\/schema\\\/logo\\\/image\\\/\",\"url\":\"https:\\\/\\\/preprod.alarencontre.de\\\/aveculture\\\/wp-content\\\/uploads\\\/2022\\\/06\\\/LOGO_AVE_CULTURE.jpg\",\"contentUrl\":\"https:\\\/\\\/preprod.alarencontre.de\\\/aveculture\\\/wp-content\\\/uploads\\\/2022\\\/06\\\/LOGO_AVE_CULTURE.jpg\",\"width\":767,\"height\":244,\"caption\":\"AVE CULTURE\"},\"image\":{\"@id\":\"https:\\\/\\\/preprod.alarencontre.de\\\/aveculture\\\/#\\\/schema\\\/logo\\\/image\\\/\"},\"sameAs\":[\"https:\\\/\\\/www.facebook.com\\\/AVE.Culture\",\"https:\\\/\\\/x.com\\\/AVECulture\"]}]}<\/script>\n<!-- \/ Yoast SEO plugin. -->","yoast_head_json":{"title":"En quelques mots... - AVE Culture","description":"En quelques mots...","robots":{"index":"index","follow":"follow","max-snippet":"max-snippet:-1","max-image-preview":"max-image-preview:large","max-video-preview":"max-video-preview:-1"},"canonical":"https:\/\/preprod.alarencontre.de\/aveculture\/","og_locale":"fr_FR","og_type":"article","og_title":"En quelques mots... - AVE Culture","og_description":"En quelques mots...","og_url":"https:\/\/preprod.alarencontre.de\/aveculture\/","og_site_name":"AVE Culture","article_publisher":"https:\/\/www.facebook.com\/AVE.Culture","article_modified_time":"2023-05-16T09:05:23+00:00","og_image":[{"width":900,"height":408,"url":"https:\/\/preprod.alarencontre.de\/aveculture\/wp-content\/uploads\/2012\/05\/baniere_1-e1337689695773.jpg","type":"image\/jpeg"}],"twitter_card":"summary_large_image","twitter_site":"@AVECulture","twitter_misc":{"Dur\u00e9e de lecture estim\u00e9e":"1 minute"},"schema":{"@context":"https:\/\/schema.org","@graph":[{"@type":"WebPage","@id":"https:\/\/preprod.alarencontre.de\/aveculture\/","url":"https:\/\/preprod.alarencontre.de\/aveculture\/","name":"En quelques mots... - AVE Culture","isPartOf":{"@id":"https:\/\/preprod.alarencontre.de\/aveculture\/#website"},"primaryImageOfPage":{"@id":"https:\/\/preprod.alarencontre.de\/aveculture\/#primaryimage"},"image":{"@id":"https:\/\/preprod.alarencontre.de\/aveculture\/#primaryimage"},"thumbnailUrl":"https:\/\/preprod.alarencontre.de\/aveculture\/wp-content\/uploads\/2012\/05\/baniere_1-e1337689695773.jpg","datePublished":"2011-11-23T13:49:01+00:00","dateModified":"2023-05-16T09:05:23+00:00","description":"En quelques mots...","breadcrumb":{"@id":"https:\/\/preprod.alarencontre.de\/aveculture\/#breadcrumb"},"inLanguage":"fr-FR","potentialAction":[{"@type":"ReadAction","target":["https:\/\/preprod.alarencontre.de\/aveculture\/"]}]},{"@type":"ImageObject","inLanguage":"fr-FR","@id":"https:\/\/preprod.alarencontre.de\/aveculture\/#primaryimage","url":"https:\/\/preprod.alarencontre.de\/aveculture\/wp-content\/uploads\/2012\/05\/baniere_1-e1337689695773.jpg","contentUrl":"https:\/\/preprod.alarencontre.de\/aveculture\/wp-content\/uploads\/2012\/05\/baniere_1-e1337689695773.jpg","width":"900","height":"408"},{"@type":"BreadcrumbList","@id":"https:\/\/preprod.alarencontre.de\/aveculture\/#breadcrumb","itemListElement":[{"@type":"ListItem","position":1,"name":"Accueil","item":"https:\/\/preprod.alarencontre.de\/aveculture\/"},{"@type":"ListItem","position":2,"name":"En quelques mots&#8230;"}]},{"@type":"WebSite","@id":"https:\/\/preprod.alarencontre.de\/aveculture\/#website","url":"https:\/\/preprod.alarencontre.de\/aveculture\/","name":"AVE Culture","description":"Accompagner - Valoriser - Etudier","publisher":{"@id":"https:\/\/preprod.alarencontre.de\/aveculture\/#organization"},"potentialAction":[{"@type":"SearchAction","target":{"@type":"EntryPoint","urlTemplate":"https:\/\/preprod.alarencontre.de\/aveculture\/?s={search_term_string}"},"query-input":{"@type":"PropertyValueSpecification","valueRequired":true,"valueName":"search_term_string"}}],"inLanguage":"fr-FR"},{"@type":"Organization","@id":"https:\/\/preprod.alarencontre.de\/aveculture\/#organization","name":"AVE CULTURE","url":"https:\/\/preprod.alarencontre.de\/aveculture\/","logo":{"@type":"ImageObject","inLanguage":"fr-FR","@id":"https:\/\/preprod.alarencontre.de\/aveculture\/#\/schema\/logo\/image\/","url":"https:\/\/preprod.alarencontre.de\/aveculture\/wp-content\/uploads\/2022\/06\/LOGO_AVE_CULTURE.jpg","contentUrl":"https:\/\/preprod.alarencontre.de\/aveculture\/wp-content\/uploads\/2022\/06\/LOGO_AVE_CULTURE.jpg","width":767,"height":244,"caption":"AVE CULTURE"},"image":{"@id":"https:\/\/preprod.alarencontre.de\/aveculture\/#\/schema\/logo\/image\/"},"sameAs":["https:\/\/www.facebook.com\/AVE.Culture","https:\/\/x.com\/AVECulture"]}]}},"_links":{"self":[{"href":"https:\/\/preprod.alarencontre.de\/aveculture\/wp-json\/wp\/v2\/pages\/27","targetHints":{"allow":["GET"]}}],"collection":[{"href":"https:\/\/preprod.alarencontre.de\/aveculture\/wp-json\/wp\/v2\/pages"}],"about":[{"href":"https:\/\/preprod.alarencontre.de\/aveculture\/wp-json\/wp\/v2\/types\/page"}],"author":[{"embeddable":true,"href":"https:\/\/preprod.alarencontre.de\/aveculture\/wp-json\/wp\/v2\/users\/4"}],"replies":[{"embeddable":true,"href":"https:\/\/preprod.alarencontre.de\/aveculture\/wp-json\/wp\/v2\/comments?post=27"}],"version-history":[{"count":0,"href":"https:\/\/preprod.alarencontre.de\/aveculture\/wp-json\/wp\/v2\/pages\/27\/revisions"}],"wp:featuredmedia":[{"embeddable":true,"href":"https:\/\/preprod.alarencontre.de\/aveculture\/wp-json\/wp\/v2\/media\/198"}],"wp:attachment":[{"href":"https:\/\/preprod.alarencontre.de\/aveculture\/wp-json\/wp\/v2\/media?parent=27"}],"curies":[{"name":"wp","href":"https:\/\/api.w.org\/{rel}","templated":true}]}}