{"id":57,"date":"2011-11-23T14:59:42","date_gmt":"2011-11-23T14:59:42","guid":{"rendered":"http:\/\/aveculture.fr\/?page_id=57"},"modified":"2015-11-12T11:30:44","modified_gmt":"2015-11-12T11:30:44","slug":"accompagnement","status":"publish","type":"page","link":"https:\/\/preprod.alarencontre.de\/aveculture\/activites\/accompagnement\/","title":{"rendered":"Accompagnement"},"content":{"rendered":"<h3>AMO<\/h3>\n<p style=\"text-align: justify;\">L\u2019accompagnement des \u00e9tablissements rel\u00e8ve de ce que l\u2019on qualifie \u00ab\u00a0d\u2019<strong>Assistance \u00e0 Ma\u00eetrise d\u2019Ouvrage<\/strong>\u00a0\u00bb. Il s\u2019agit ici de permettre aux structures publiques, aux structures territoriales mixtes ainsi qu\u2019aux structures priv\u00e9es, de se doter d\u2019<strong>une comp\u00e9tence rapport\u00e9e pour la d\u00e9finition et le suivi de r\u00e9alisation de projets de valorisation culturelle et patrimoniale.<\/strong><\/p>\n<p>&#8211; <strong>Assistance \u00e0 Ma\u00eetrise d\u2019Ouvrage<\/strong>\u00a0: d\u00e9finition de projet, animation de r\u00e9unions de travail, formulation de pr\u00e9conisations, conception des APS et APD, repr\u00e9sentation de la Ma\u00eetrise d\u2019Ouvrage lors de phases de conception et de r\u00e9alisation des \u00e9quipements, rapport d\u2019activit\u00e9, suivi de r\u00e9alisation et de gestion des co\u00fbts pour le compte de la Ma\u00eetrise d\u2019Ouvrage.<\/p>\n<h3 style=\"text-align: justify;\">Formations<\/h3>\n<p style=\"text-align: justify;\">L\u2019accompagnement des personnes rel\u00e8ve de l\u2019<strong>activit\u00e9 de formation<\/strong>, de conception et d\u2019animation d\u2019ateliers de travail destin\u00e9s aux professionnels ou aux amateurs de l\u2019action culturelle.<\/p>\n<p>&#8211; <strong>Formateur<\/strong>\u00a0: r\u00e9alisation de supports de formation, animation de formations, r\u00e9alisation et animation d\u2019ateliers de travail, r\u00e9alisation et animation de conf\u00e9rences ou de cours magistraux.<\/p>\n<p style=\"text-align: justify;\">\n","protected":false},"excerpt":{"rendered":"<p>AMO L\u2019accompagnement des \u00e9tablissements rel\u00e8ve de ce que l\u2019on qualifie \u00ab\u00a0d\u2019Assistance \u00e0 Ma\u00eetrise d\u2019Ouvrage\u00a0\u00bb. Il s\u2019agit ici de permettre aux structures publiques, aux structures territoriales mixtes ainsi qu\u2019aux structures priv\u00e9es, de se doter d\u2019une comp\u00e9tence rapport\u00e9e pour la d\u00e9finition et le suivi de r\u00e9alisation de projets de valorisation culturelle et patrimoniale. &#8211; Assistance \u00e0 Ma\u00eetrise &hellip; <a href=\"https:\/\/preprod.alarencontre.de\/aveculture\/activites\/accompagnement\/\" class=\"more-link\">Continuer la lecture de <span class=\"screen-reader-text\">Accompagnement<\/span><\/a><\/p>\n","protected":false},"author":4,"featured_media":0,"parent":52,"menu_order":0,"comment_status":"closed","ping_status":"closed","template":"","meta":{"iawp_total_views":67,"footnotes":""},"class_list":["post-57","page","type-page","status-publish","hentry"],"yoast_head":"<!-- This site is optimized with the Yoast SEO plugin v27.3 - https:\/\/yoast.com\/product\/yoast-seo-wordpress\/ -->\n<title>Accompagnement - AVE Culture<\/title>\n<meta name=\"description\" content=\"Accompagnement\" \/>\n<meta name=\"robots\" content=\"index, follow, max-snippet:-1, max-image-preview:large, max-video-preview:-1\" \/>\n<link rel=\"canonical\" href=\"https:\/\/preprod.alarencontre.de\/aveculture\/activites\/accompagnement\/\" \/>\n<meta property=\"og:locale\" content=\"fr_FR\" \/>\n<meta property=\"og:type\" content=\"article\" \/>\n<meta property=\"og:title\" content=\"Accompagnement - AVE Culture\" \/>\n<meta property=\"og:description\" content=\"Accompagnement\" \/>\n<meta property=\"og:url\" content=\"https:\/\/preprod.alarencontre.de\/aveculture\/activites\/accompagnement\/\" \/>\n<meta property=\"og:site_name\" content=\"AVE Culture\" \/>\n<meta property=\"article:publisher\" content=\"https:\/\/www.facebook.com\/AVE.Culture\" \/>\n<meta property=\"article:modified_time\" content=\"2015-11-12T11:30:44+00:00\" \/>\n<meta property=\"og:image\" content=\"https:\/\/preprod.alarencontre.de\/aveculture\/wp-content\/uploads\/2022\/06\/LOGO_AVE_CULTURE.jpg\" \/>\n\t<meta property=\"og:image:width\" content=\"767\" \/>\n\t<meta property=\"og:image:height\" content=\"244\" \/>\n\t<meta property=\"og:image:type\" content=\"image\/jpeg\" \/>\n<meta name=\"twitter:card\" content=\"summary_large_image\" \/>\n<meta name=\"twitter:site\" content=\"@AVECulture\" \/>\n<meta name=\"twitter:label1\" content=\"Dur\u00e9e de lecture estim\u00e9e\" \/>\n\t<meta name=\"twitter:data1\" content=\"1 minute\" \/>\n<script type=\"application\/ld+json\" class=\"yoast-schema-graph\">{\"@context\":\"https:\\\/\\\/schema.org\",\"@graph\":[{\"@type\":\"WebPage\",\"@id\":\"https:\\\/\\\/preprod.alarencontre.de\\\/aveculture\\\/activites\\\/accompagnement\\\/\",\"url\":\"https:\\\/\\\/preprod.alarencontre.de\\\/aveculture\\\/activites\\\/accompagnement\\\/\",\"name\":\"Accompagnement - AVE Culture\",\"isPartOf\":{\"@id\":\"https:\\\/\\\/preprod.alarencontre.de\\\/aveculture\\\/#website\"},\"datePublished\":\"2011-11-23T14:59:42+00:00\",\"dateModified\":\"2015-11-12T11:30:44+00:00\",\"description\":\"Accompagnement\",\"breadcrumb\":{\"@id\":\"https:\\\/\\\/preprod.alarencontre.de\\\/aveculture\\\/activites\\\/accompagnement\\\/#breadcrumb\"},\"inLanguage\":\"fr-FR\",\"potentialAction\":[{\"@type\":\"ReadAction\",\"target\":[\"https:\\\/\\\/preprod.alarencontre.de\\\/aveculture\\\/activites\\\/accompagnement\\\/\"]}]},{\"@type\":\"BreadcrumbList\",\"@id\":\"https:\\\/\\\/preprod.alarencontre.de\\\/aveculture\\\/activites\\\/accompagnement\\\/#breadcrumb\",\"itemListElement\":[{\"@type\":\"ListItem\",\"position\":1,\"name\":\"Accueil\",\"item\":\"https:\\\/\\\/preprod.alarencontre.de\\\/aveculture\\\/\"},{\"@type\":\"ListItem\",\"position\":2,\"name\":\"Activit\u00e9s\",\"item\":\"https:\\\/\\\/preprod.alarencontre.de\\\/aveculture\\\/activites\\\/\"},{\"@type\":\"ListItem\",\"position\":3,\"name\":\"Accompagnement\"}]},{\"@type\":\"WebSite\",\"@id\":\"https:\\\/\\\/preprod.alarencontre.de\\\/aveculture\\\/#website\",\"url\":\"https:\\\/\\\/preprod.alarencontre.de\\\/aveculture\\\/\",\"name\":\"AVE Culture\",\"description\":\"Accompagner - Valoriser - Etudier\",\"publisher\":{\"@id\":\"https:\\\/\\\/preprod.alarencontre.de\\\/aveculture\\\/#organization\"},\"potentialAction\":[{\"@type\":\"SearchAction\",\"target\":{\"@type\":\"EntryPoint\",\"urlTemplate\":\"https:\\\/\\\/preprod.alarencontre.de\\\/aveculture\\\/?s={search_term_string}\"},\"query-input\":{\"@type\":\"PropertyValueSpecification\",\"valueRequired\":true,\"valueName\":\"search_term_string\"}}],\"inLanguage\":\"fr-FR\"},{\"@type\":\"Organization\",\"@id\":\"https:\\\/\\\/preprod.alarencontre.de\\\/aveculture\\\/#organization\",\"name\":\"AVE CULTURE\",\"url\":\"https:\\\/\\\/preprod.alarencontre.de\\\/aveculture\\\/\",\"logo\":{\"@type\":\"ImageObject\",\"inLanguage\":\"fr-FR\",\"@id\":\"https:\\\/\\\/preprod.alarencontre.de\\\/aveculture\\\/#\\\/schema\\\/logo\\\/image\\\/\",\"url\":\"https:\\\/\\\/preprod.alarencontre.de\\\/aveculture\\\/wp-content\\\/uploads\\\/2022\\\/06\\\/LOGO_AVE_CULTURE.jpg\",\"contentUrl\":\"https:\\\/\\\/preprod.alarencontre.de\\\/aveculture\\\/wp-content\\\/uploads\\\/2022\\\/06\\\/LOGO_AVE_CULTURE.jpg\",\"width\":767,\"height\":244,\"caption\":\"AVE CULTURE\"},\"image\":{\"@id\":\"https:\\\/\\\/preprod.alarencontre.de\\\/aveculture\\\/#\\\/schema\\\/logo\\\/image\\\/\"},\"sameAs\":[\"https:\\\/\\\/www.facebook.com\\\/AVE.Culture\",\"https:\\\/\\\/x.com\\\/AVECulture\"]}]}<\/script>\n<!-- \/ Yoast SEO plugin. -->","yoast_head_json":{"title":"Accompagnement - AVE Culture","description":"Accompagnement","robots":{"index":"index","follow":"follow","max-snippet":"max-snippet:-1","max-image-preview":"max-image-preview:large","max-video-preview":"max-video-preview:-1"},"canonical":"https:\/\/preprod.alarencontre.de\/aveculture\/activites\/accompagnement\/","og_locale":"fr_FR","og_type":"article","og_title":"Accompagnement - AVE Culture","og_description":"Accompagnement","og_url":"https:\/\/preprod.alarencontre.de\/aveculture\/activites\/accompagnement\/","og_site_name":"AVE Culture","article_publisher":"https:\/\/www.facebook.com\/AVE.Culture","article_modified_time":"2015-11-12T11:30:44+00:00","og_image":[{"width":767,"height":244,"url":"https:\/\/preprod.alarencontre.de\/aveculture\/wp-content\/uploads\/2022\/06\/LOGO_AVE_CULTURE.jpg","type":"image\/jpeg"}],"twitter_card":"summary_large_image","twitter_site":"@AVECulture","twitter_misc":{"Dur\u00e9e de lecture estim\u00e9e":"1 minute"},"schema":{"@context":"https:\/\/schema.org","@graph":[{"@type":"WebPage","@id":"https:\/\/preprod.alarencontre.de\/aveculture\/activites\/accompagnement\/","url":"https:\/\/preprod.alarencontre.de\/aveculture\/activites\/accompagnement\/","name":"Accompagnement - AVE Culture","isPartOf":{"@id":"https:\/\/preprod.alarencontre.de\/aveculture\/#website"},"datePublished":"2011-11-23T14:59:42+00:00","dateModified":"2015-11-12T11:30:44+00:00","description":"Accompagnement","breadcrumb":{"@id":"https:\/\/preprod.alarencontre.de\/aveculture\/activites\/accompagnement\/#breadcrumb"},"inLanguage":"fr-FR","potentialAction":[{"@type":"ReadAction","target":["https:\/\/preprod.alarencontre.de\/aveculture\/activites\/accompagnement\/"]}]},{"@type":"BreadcrumbList","@id":"https:\/\/preprod.alarencontre.de\/aveculture\/activites\/accompagnement\/#breadcrumb","itemListElement":[{"@type":"ListItem","position":1,"name":"Accueil","item":"https:\/\/preprod.alarencontre.de\/aveculture\/"},{"@type":"ListItem","position":2,"name":"Activit\u00e9s","item":"https:\/\/preprod.alarencontre.de\/aveculture\/activites\/"},{"@type":"ListItem","position":3,"name":"Accompagnement"}]},{"@type":"WebSite","@id":"https:\/\/preprod.alarencontre.de\/aveculture\/#website","url":"https:\/\/preprod.alarencontre.de\/aveculture\/","name":"AVE Culture","description":"Accompagner - Valoriser - Etudier","publisher":{"@id":"https:\/\/preprod.alarencontre.de\/aveculture\/#organization"},"potentialAction":[{"@type":"SearchAction","target":{"@type":"EntryPoint","urlTemplate":"https:\/\/preprod.alarencontre.de\/aveculture\/?s={search_term_string}"},"query-input":{"@type":"PropertyValueSpecification","valueRequired":true,"valueName":"search_term_string"}}],"inLanguage":"fr-FR"},{"@type":"Organization","@id":"https:\/\/preprod.alarencontre.de\/aveculture\/#organization","name":"AVE CULTURE","url":"https:\/\/preprod.alarencontre.de\/aveculture\/","logo":{"@type":"ImageObject","inLanguage":"fr-FR","@id":"https:\/\/preprod.alarencontre.de\/aveculture\/#\/schema\/logo\/image\/","url":"https:\/\/preprod.alarencontre.de\/aveculture\/wp-content\/uploads\/2022\/06\/LOGO_AVE_CULTURE.jpg","contentUrl":"https:\/\/preprod.alarencontre.de\/aveculture\/wp-content\/uploads\/2022\/06\/LOGO_AVE_CULTURE.jpg","width":767,"height":244,"caption":"AVE CULTURE"},"image":{"@id":"https:\/\/preprod.alarencontre.de\/aveculture\/#\/schema\/logo\/image\/"},"sameAs":["https:\/\/www.facebook.com\/AVE.Culture","https:\/\/x.com\/AVECulture"]}]}},"_links":{"self":[{"href":"https:\/\/preprod.alarencontre.de\/aveculture\/wp-json\/wp\/v2\/pages\/57","targetHints":{"allow":["GET"]}}],"collection":[{"href":"https:\/\/preprod.alarencontre.de\/aveculture\/wp-json\/wp\/v2\/pages"}],"about":[{"href":"https:\/\/preprod.alarencontre.de\/aveculture\/wp-json\/wp\/v2\/types\/page"}],"author":[{"embeddable":true,"href":"https:\/\/preprod.alarencontre.de\/aveculture\/wp-json\/wp\/v2\/users\/4"}],"replies":[{"embeddable":true,"href":"https:\/\/preprod.alarencontre.de\/aveculture\/wp-json\/wp\/v2\/comments?post=57"}],"version-history":[{"count":0,"href":"https:\/\/preprod.alarencontre.de\/aveculture\/wp-json\/wp\/v2\/pages\/57\/revisions"}],"up":[{"embeddable":true,"href":"https:\/\/preprod.alarencontre.de\/aveculture\/wp-json\/wp\/v2\/pages\/52"}],"wp:attachment":[{"href":"https:\/\/preprod.alarencontre.de\/aveculture\/wp-json\/wp\/v2\/media?parent=57"}],"curies":[{"name":"wp","href":"https:\/\/api.w.org\/{rel}","templated":true}]}}