{"id":60,"date":"2011-11-23T15:13:04","date_gmt":"2011-11-23T15:13:04","guid":{"rendered":"http:\/\/aveculture.fr\/?page_id=60"},"modified":"2015-11-12T11:31:23","modified_gmt":"2015-11-12T11:31:23","slug":"valorisation","status":"publish","type":"page","link":"https:\/\/preprod.alarencontre.de\/aveculture\/activites\/valorisation\/","title":{"rendered":"Valorisation"},"content":{"rendered":"<p style=\"text-align: justify;\"><strong>AVE Culture<\/strong> propose la <strong>conception de parcours interpr\u00e9tatifs et la production de contenus ainsi que d\u2019outils<\/strong> adapt\u00e9s \u00e0 chaque situation visant \u00e0 la valorisation de vos patrimoines culturels. Cet ensemble de prestations se con\u00e7oit <strong>depuis l\u2019animation ponctuelle jusqu\u2019\u00e0 l\u2019\u00e9quipement p\u00e9renne<\/strong>, et comprend un large panel de possibles.<\/p>\n<h3 style=\"text-align: justify;\">L\u2019\u00e9v\u00e9nementiel<\/h3>\n<p style=\"text-align: justify;\"><strong>AVE Culture<\/strong> vous aide \u00e0 organiser, ou pilote de mani\u00e8re autonome, l\u2019<strong>animation de votre patrimoine culturel<\/strong>, particuli\u00e8rement autour des notions de <strong>reconstitution historique<\/strong> et d\u2019<strong>ateliers p\u00e9dagogiques<\/strong>, mais \u00e9galement de <strong>toutes les formes de l\u2019animation culturelle<\/strong> (s\u00e9ances de projections, conf\u00e9rences, d\u00e9bats, etc.)<\/p>\n<p style=\"text-align: justify;\">&#8211; <strong>Organisation d\u2019\u00e9v\u00e9nementiels<\/strong>\u00a0: d\u00e9finition des solutions \u00e9v\u00e9nementielles en fonction des besoins exprim\u00e9s (un exemple\u00a0: une troupe de reconstitution m\u00e9di\u00e9vale tient des ateliers p\u00e9dagogiques sur la vie quotidienne dans un ch\u00e2teau), recrutement des acteurs de l\u2019animation ou r\u00e9alisation de l\u2019animation elle-m\u00eame, organisation des modalit\u00e9s de l\u2019\u00e9v\u00e9nement.<\/p>\n<h3>La production de prestations et d\u2019\u00e9quipements<\/h3>\n<p><strong>AVE Culture<\/strong> mobilise <strong>ses structures partenaires<\/strong> selon les configurations et l\u2019ampleur des op\u00e9rations (missions de conseil et de suivi de production des \u00e9quipements retenus au sein des structures partenaires). <strong>Vous n\u2019avez donc qu\u2019un seul interlocuteur<\/strong>, quelle que soit l\u2019envergure de votre projet : un atout non n\u00e9gligeable pour la bonne conduite d\u2019op\u00e9rations souvent complexes!<\/p>\n<p style=\"text-align: justify;\">&#8211; <strong>Fourniture d\u2019\u00e9quipements<\/strong>\u00a0: suivi de conception au sein d\u2019un groupement pour la r\u00e9alisation de panneaux interpr\u00e9tatifs, films, multim\u00e9dias, bornes, manipulations, supports mobiles, publications, etc.<\/p>\n<p style=\"text-align: justify;\">&#8211; <strong>Production de contenus<\/strong>\u00a0: animation et\/ou participation \u00e0 des r\u00e9unions de comit\u00e9s scientifiques, d\u00e9finition et r\u00e9daction de contenus mus\u00e9ographiques, p\u00e9dagogiques, didactiques ou de communication, fourniture des contenus pour int\u00e9gration dans les dispositifs mus\u00e9ographiques, p\u00e9dagogiques, didactiques ou de communication.<\/p>\n","protected":false},"excerpt":{"rendered":"<p>AVE Culture propose la conception de parcours interpr\u00e9tatifs et la production de contenus ainsi que d\u2019outils adapt\u00e9s \u00e0 chaque situation visant \u00e0 la valorisation de vos patrimoines culturels. Cet ensemble de prestations se con\u00e7oit depuis l\u2019animation ponctuelle jusqu\u2019\u00e0 l\u2019\u00e9quipement p\u00e9renne, et comprend un large panel de possibles. L\u2019\u00e9v\u00e9nementiel AVE Culture vous aide \u00e0 organiser, ou &hellip; <a href=\"https:\/\/preprod.alarencontre.de\/aveculture\/activites\/valorisation\/\" class=\"more-link\">Continuer la lecture de <span class=\"screen-reader-text\">Valorisation<\/span><\/a><\/p>\n","protected":false},"author":4,"featured_media":0,"parent":52,"menu_order":0,"comment_status":"closed","ping_status":"closed","template":"","meta":{"iawp_total_views":89,"footnotes":""},"class_list":["post-60","page","type-page","status-publish","hentry"],"yoast_head":"<!-- This site is optimized with the Yoast SEO plugin v27.3 - https:\/\/yoast.com\/product\/yoast-seo-wordpress\/ -->\n<title>Valorisation - AVE Culture<\/title>\n<meta name=\"description\" content=\"Valorisation\" \/>\n<meta name=\"robots\" content=\"index, follow, max-snippet:-1, max-image-preview:large, max-video-preview:-1\" \/>\n<link rel=\"canonical\" href=\"https:\/\/preprod.alarencontre.de\/aveculture\/activites\/valorisation\/\" \/>\n<meta property=\"og:locale\" content=\"fr_FR\" \/>\n<meta property=\"og:type\" content=\"article\" \/>\n<meta property=\"og:title\" content=\"Valorisation - AVE Culture\" \/>\n<meta property=\"og:description\" content=\"Valorisation\" \/>\n<meta property=\"og:url\" content=\"https:\/\/preprod.alarencontre.de\/aveculture\/activites\/valorisation\/\" \/>\n<meta property=\"og:site_name\" content=\"AVE Culture\" \/>\n<meta property=\"article:publisher\" content=\"https:\/\/www.facebook.com\/AVE.Culture\" \/>\n<meta property=\"article:modified_time\" content=\"2015-11-12T11:31:23+00:00\" \/>\n<meta property=\"og:image\" content=\"https:\/\/preprod.alarencontre.de\/aveculture\/wp-content\/uploads\/2022\/06\/LOGO_AVE_CULTURE.jpg\" \/>\n\t<meta property=\"og:image:width\" content=\"767\" \/>\n\t<meta property=\"og:image:height\" content=\"244\" \/>\n\t<meta property=\"og:image:type\" content=\"image\/jpeg\" \/>\n<meta name=\"twitter:card\" content=\"summary_large_image\" \/>\n<meta name=\"twitter:site\" content=\"@AVECulture\" \/>\n<meta name=\"twitter:label1\" content=\"Dur\u00e9e de lecture estim\u00e9e\" \/>\n\t<meta name=\"twitter:data1\" content=\"2 minutes\" \/>\n<script type=\"application\/ld+json\" class=\"yoast-schema-graph\">{\"@context\":\"https:\\\/\\\/schema.org\",\"@graph\":[{\"@type\":\"WebPage\",\"@id\":\"https:\\\/\\\/preprod.alarencontre.de\\\/aveculture\\\/activites\\\/valorisation\\\/\",\"url\":\"https:\\\/\\\/preprod.alarencontre.de\\\/aveculture\\\/activites\\\/valorisation\\\/\",\"name\":\"Valorisation - AVE Culture\",\"isPartOf\":{\"@id\":\"https:\\\/\\\/preprod.alarencontre.de\\\/aveculture\\\/#website\"},\"datePublished\":\"2011-11-23T15:13:04+00:00\",\"dateModified\":\"2015-11-12T11:31:23+00:00\",\"description\":\"Valorisation\",\"breadcrumb\":{\"@id\":\"https:\\\/\\\/preprod.alarencontre.de\\\/aveculture\\\/activites\\\/valorisation\\\/#breadcrumb\"},\"inLanguage\":\"fr-FR\",\"potentialAction\":[{\"@type\":\"ReadAction\",\"target\":[\"https:\\\/\\\/preprod.alarencontre.de\\\/aveculture\\\/activites\\\/valorisation\\\/\"]}]},{\"@type\":\"BreadcrumbList\",\"@id\":\"https:\\\/\\\/preprod.alarencontre.de\\\/aveculture\\\/activites\\\/valorisation\\\/#breadcrumb\",\"itemListElement\":[{\"@type\":\"ListItem\",\"position\":1,\"name\":\"Accueil\",\"item\":\"https:\\\/\\\/preprod.alarencontre.de\\\/aveculture\\\/\"},{\"@type\":\"ListItem\",\"position\":2,\"name\":\"Activit\u00e9s\",\"item\":\"https:\\\/\\\/preprod.alarencontre.de\\\/aveculture\\\/activites\\\/\"},{\"@type\":\"ListItem\",\"position\":3,\"name\":\"Valorisation\"}]},{\"@type\":\"WebSite\",\"@id\":\"https:\\\/\\\/preprod.alarencontre.de\\\/aveculture\\\/#website\",\"url\":\"https:\\\/\\\/preprod.alarencontre.de\\\/aveculture\\\/\",\"name\":\"AVE Culture\",\"description\":\"Accompagner - Valoriser - Etudier\",\"publisher\":{\"@id\":\"https:\\\/\\\/preprod.alarencontre.de\\\/aveculture\\\/#organization\"},\"potentialAction\":[{\"@type\":\"SearchAction\",\"target\":{\"@type\":\"EntryPoint\",\"urlTemplate\":\"https:\\\/\\\/preprod.alarencontre.de\\\/aveculture\\\/?s={search_term_string}\"},\"query-input\":{\"@type\":\"PropertyValueSpecification\",\"valueRequired\":true,\"valueName\":\"search_term_string\"}}],\"inLanguage\":\"fr-FR\"},{\"@type\":\"Organization\",\"@id\":\"https:\\\/\\\/preprod.alarencontre.de\\\/aveculture\\\/#organization\",\"name\":\"AVE CULTURE\",\"url\":\"https:\\\/\\\/preprod.alarencontre.de\\\/aveculture\\\/\",\"logo\":{\"@type\":\"ImageObject\",\"inLanguage\":\"fr-FR\",\"@id\":\"https:\\\/\\\/preprod.alarencontre.de\\\/aveculture\\\/#\\\/schema\\\/logo\\\/image\\\/\",\"url\":\"https:\\\/\\\/preprod.alarencontre.de\\\/aveculture\\\/wp-content\\\/uploads\\\/2022\\\/06\\\/LOGO_AVE_CULTURE.jpg\",\"contentUrl\":\"https:\\\/\\\/preprod.alarencontre.de\\\/aveculture\\\/wp-content\\\/uploads\\\/2022\\\/06\\\/LOGO_AVE_CULTURE.jpg\",\"width\":767,\"height\":244,\"caption\":\"AVE CULTURE\"},\"image\":{\"@id\":\"https:\\\/\\\/preprod.alarencontre.de\\\/aveculture\\\/#\\\/schema\\\/logo\\\/image\\\/\"},\"sameAs\":[\"https:\\\/\\\/www.facebook.com\\\/AVE.Culture\",\"https:\\\/\\\/x.com\\\/AVECulture\"]}]}<\/script>\n<!-- \/ Yoast SEO plugin. -->","yoast_head_json":{"title":"Valorisation - AVE Culture","description":"Valorisation","robots":{"index":"index","follow":"follow","max-snippet":"max-snippet:-1","max-image-preview":"max-image-preview:large","max-video-preview":"max-video-preview:-1"},"canonical":"https:\/\/preprod.alarencontre.de\/aveculture\/activites\/valorisation\/","og_locale":"fr_FR","og_type":"article","og_title":"Valorisation - AVE Culture","og_description":"Valorisation","og_url":"https:\/\/preprod.alarencontre.de\/aveculture\/activites\/valorisation\/","og_site_name":"AVE Culture","article_publisher":"https:\/\/www.facebook.com\/AVE.Culture","article_modified_time":"2015-11-12T11:31:23+00:00","og_image":[{"width":767,"height":244,"url":"https:\/\/preprod.alarencontre.de\/aveculture\/wp-content\/uploads\/2022\/06\/LOGO_AVE_CULTURE.jpg","type":"image\/jpeg"}],"twitter_card":"summary_large_image","twitter_site":"@AVECulture","twitter_misc":{"Dur\u00e9e de lecture estim\u00e9e":"2 minutes"},"schema":{"@context":"https:\/\/schema.org","@graph":[{"@type":"WebPage","@id":"https:\/\/preprod.alarencontre.de\/aveculture\/activites\/valorisation\/","url":"https:\/\/preprod.alarencontre.de\/aveculture\/activites\/valorisation\/","name":"Valorisation - AVE Culture","isPartOf":{"@id":"https:\/\/preprod.alarencontre.de\/aveculture\/#website"},"datePublished":"2011-11-23T15:13:04+00:00","dateModified":"2015-11-12T11:31:23+00:00","description":"Valorisation","breadcrumb":{"@id":"https:\/\/preprod.alarencontre.de\/aveculture\/activites\/valorisation\/#breadcrumb"},"inLanguage":"fr-FR","potentialAction":[{"@type":"ReadAction","target":["https:\/\/preprod.alarencontre.de\/aveculture\/activites\/valorisation\/"]}]},{"@type":"BreadcrumbList","@id":"https:\/\/preprod.alarencontre.de\/aveculture\/activites\/valorisation\/#breadcrumb","itemListElement":[{"@type":"ListItem","position":1,"name":"Accueil","item":"https:\/\/preprod.alarencontre.de\/aveculture\/"},{"@type":"ListItem","position":2,"name":"Activit\u00e9s","item":"https:\/\/preprod.alarencontre.de\/aveculture\/activites\/"},{"@type":"ListItem","position":3,"name":"Valorisation"}]},{"@type":"WebSite","@id":"https:\/\/preprod.alarencontre.de\/aveculture\/#website","url":"https:\/\/preprod.alarencontre.de\/aveculture\/","name":"AVE Culture","description":"Accompagner - Valoriser - Etudier","publisher":{"@id":"https:\/\/preprod.alarencontre.de\/aveculture\/#organization"},"potentialAction":[{"@type":"SearchAction","target":{"@type":"EntryPoint","urlTemplate":"https:\/\/preprod.alarencontre.de\/aveculture\/?s={search_term_string}"},"query-input":{"@type":"PropertyValueSpecification","valueRequired":true,"valueName":"search_term_string"}}],"inLanguage":"fr-FR"},{"@type":"Organization","@id":"https:\/\/preprod.alarencontre.de\/aveculture\/#organization","name":"AVE CULTURE","url":"https:\/\/preprod.alarencontre.de\/aveculture\/","logo":{"@type":"ImageObject","inLanguage":"fr-FR","@id":"https:\/\/preprod.alarencontre.de\/aveculture\/#\/schema\/logo\/image\/","url":"https:\/\/preprod.alarencontre.de\/aveculture\/wp-content\/uploads\/2022\/06\/LOGO_AVE_CULTURE.jpg","contentUrl":"https:\/\/preprod.alarencontre.de\/aveculture\/wp-content\/uploads\/2022\/06\/LOGO_AVE_CULTURE.jpg","width":767,"height":244,"caption":"AVE CULTURE"},"image":{"@id":"https:\/\/preprod.alarencontre.de\/aveculture\/#\/schema\/logo\/image\/"},"sameAs":["https:\/\/www.facebook.com\/AVE.Culture","https:\/\/x.com\/AVECulture"]}]}},"_links":{"self":[{"href":"https:\/\/preprod.alarencontre.de\/aveculture\/wp-json\/wp\/v2\/pages\/60","targetHints":{"allow":["GET"]}}],"collection":[{"href":"https:\/\/preprod.alarencontre.de\/aveculture\/wp-json\/wp\/v2\/pages"}],"about":[{"href":"https:\/\/preprod.alarencontre.de\/aveculture\/wp-json\/wp\/v2\/types\/page"}],"author":[{"embeddable":true,"href":"https:\/\/preprod.alarencontre.de\/aveculture\/wp-json\/wp\/v2\/users\/4"}],"replies":[{"embeddable":true,"href":"https:\/\/preprod.alarencontre.de\/aveculture\/wp-json\/wp\/v2\/comments?post=60"}],"version-history":[{"count":0,"href":"https:\/\/preprod.alarencontre.de\/aveculture\/wp-json\/wp\/v2\/pages\/60\/revisions"}],"up":[{"embeddable":true,"href":"https:\/\/preprod.alarencontre.de\/aveculture\/wp-json\/wp\/v2\/pages\/52"}],"wp:attachment":[{"href":"https:\/\/preprod.alarencontre.de\/aveculture\/wp-json\/wp\/v2\/media?parent=60"}],"curies":[{"name":"wp","href":"https:\/\/api.w.org\/{rel}","templated":true}]}}