{"id":64,"date":"2011-11-23T15:19:03","date_gmt":"2011-11-23T15:19:03","guid":{"rendered":"http:\/\/aveculture.fr\/?page_id=64"},"modified":"2012-06-02T16:52:48","modified_gmt":"2012-06-02T16:52:48","slug":"etudes","status":"publish","type":"page","link":"https:\/\/preprod.alarencontre.de\/aveculture\/activites\/etudes\/","title":{"rendered":"Etudes"},"content":{"rendered":"<p><strong>AVE Culture<\/strong> vous propose de r\u00e9aliser les<strong> \u00e9tudes pr\u00e9alables \u00e0 la mise en oeuvre effective de vos projets<\/strong> de valorisation du patrimoine culturel (\u00e9tudes de faisabilit\u00e9 et de recevabilit\u00e9). L\u2019enjeu est d\u2019<strong>optimiser la rentabilit\u00e9 de vos investissements<\/strong> en d\u00e9finissant, en amont, les orientations g\u00e9n\u00e9rales, les publics cibles, les moyens n\u00e9cessaires (financiers et techniques), les calendriers de r\u00e9alisation, etc.<\/p>\n<p><strong>AVE Culture<\/strong> vous propose \u00e9galement l\u2019<strong>\u00e9valuation formative des projets r\u00e9alis\u00e9s<\/strong>, soit une \u00e9tude et une <strong>analyse des \u00e9l\u00e9ments constitutifs de l\u2019\u00e9quipement ou de l\u2019\u00e9v\u00e9nement en cours d\u2019utilisation<\/strong>. L\u2019\u00e9valuation formative ainsi produite d\u00e9finit les \u00e9l\u00e9ments de r\u00e9orientation des \u00e9quipements ou des \u00e9v\u00e9nements, si cela s\u2019av\u00e8re n\u00e9cessaire.<\/p>\n<p><strong>AVE Culture<\/strong> vous propose enfin des <strong>\u00e9tudes d\u2019impact<\/strong>, sur retour d\u2019exp\u00e9rience, afin de <strong>mesurer l\u2019ad\u00e9quation entre attendus exprim\u00e9s et mise en oeuvre concr\u00e8t<\/strong>e d\u2019\u00e9quipements, de politiques, ou d\u2019\u00e9v\u00e8nementiels relatifs \u00e0 la valorisation du patrimoine culturel. Ces \u00e9tudes a posteriori vous offrent une visibilit\u00e9 sur les moyens engag\u00e9s, d\u00e9veloppent un ensemble de pr\u00e9conisations pour l\u2019optimisation des moyens allou\u00e9s aux \u00e9quipements, politiques et \u00e9v\u00e8nementiels pass\u00e9s, en place ou \u00e0 venir.<\/p>\n<p style=\"text-align: justify;\"><strong>&#8211; Ing\u00e9nierie culturelle<\/strong>\u00a0: \u00e9tude in situ, enqu\u00eate, \u00e9valuation des \u00e9quipements et des comp\u00e9tences, r\u00e9daction d\u2019\u00e9tudes, fourniture de documents d\u2019orientations et de pr\u00e9conisations, animation des s\u00e9ances de pr\u00e9sentation des conclusions des \u00e9tudes, animation d\u2019ateliers de travail, r\u00e9daction d\u2019outils\/supports pour les professionnels.<\/p>\n","protected":false},"excerpt":{"rendered":"<p>AVE Culture vous propose de r\u00e9aliser les \u00e9tudes pr\u00e9alables \u00e0 la mise en oeuvre effective de vos projets de valorisation du patrimoine culturel (\u00e9tudes de faisabilit\u00e9 et de recevabilit\u00e9). L\u2019enjeu est d\u2019optimiser la rentabilit\u00e9 de vos investissements en d\u00e9finissant, en amont, les orientations g\u00e9n\u00e9rales, les publics cibles, les moyens n\u00e9cessaires (financiers et techniques), les calendriers &hellip; <a href=\"https:\/\/preprod.alarencontre.de\/aveculture\/activites\/etudes\/\" class=\"more-link\">Continuer la lecture de <span class=\"screen-reader-text\">Etudes<\/span><\/a><\/p>\n","protected":false},"author":4,"featured_media":0,"parent":52,"menu_order":0,"comment_status":"closed","ping_status":"closed","template":"","meta":{"iawp_total_views":73,"footnotes":""},"class_list":["post-64","page","type-page","status-publish","hentry"],"yoast_head":"<!-- This site is optimized with the Yoast SEO plugin v27.3 - https:\/\/yoast.com\/product\/yoast-seo-wordpress\/ -->\n<title>Etudes - AVE Culture<\/title>\n<meta name=\"description\" content=\"Etudes\" \/>\n<meta name=\"robots\" content=\"index, follow, max-snippet:-1, max-image-preview:large, max-video-preview:-1\" \/>\n<link rel=\"canonical\" href=\"https:\/\/preprod.alarencontre.de\/aveculture\/activites\/etudes\/\" \/>\n<meta property=\"og:locale\" content=\"fr_FR\" \/>\n<meta property=\"og:type\" content=\"article\" \/>\n<meta property=\"og:title\" content=\"Etudes - AVE Culture\" \/>\n<meta property=\"og:description\" content=\"Etudes\" \/>\n<meta property=\"og:url\" content=\"https:\/\/preprod.alarencontre.de\/aveculture\/activites\/etudes\/\" \/>\n<meta property=\"og:site_name\" content=\"AVE Culture\" \/>\n<meta property=\"article:publisher\" content=\"https:\/\/www.facebook.com\/AVE.Culture\" \/>\n<meta property=\"article:modified_time\" content=\"2012-06-02T16:52:48+00:00\" \/>\n<meta property=\"og:image\" content=\"https:\/\/preprod.alarencontre.de\/aveculture\/wp-content\/uploads\/2022\/06\/LOGO_AVE_CULTURE.jpg\" \/>\n\t<meta property=\"og:image:width\" content=\"767\" \/>\n\t<meta property=\"og:image:height\" content=\"244\" \/>\n\t<meta property=\"og:image:type\" content=\"image\/jpeg\" \/>\n<meta name=\"twitter:card\" content=\"summary_large_image\" \/>\n<meta name=\"twitter:site\" content=\"@AVECulture\" \/>\n<meta name=\"twitter:label1\" content=\"Dur\u00e9e de lecture estim\u00e9e\" \/>\n\t<meta name=\"twitter:data1\" content=\"1 minute\" \/>\n<script type=\"application\/ld+json\" class=\"yoast-schema-graph\">{\"@context\":\"https:\\\/\\\/schema.org\",\"@graph\":[{\"@type\":\"WebPage\",\"@id\":\"https:\\\/\\\/preprod.alarencontre.de\\\/aveculture\\\/activites\\\/etudes\\\/\",\"url\":\"https:\\\/\\\/preprod.alarencontre.de\\\/aveculture\\\/activites\\\/etudes\\\/\",\"name\":\"Etudes - AVE Culture\",\"isPartOf\":{\"@id\":\"https:\\\/\\\/preprod.alarencontre.de\\\/aveculture\\\/#website\"},\"datePublished\":\"2011-11-23T15:19:03+00:00\",\"dateModified\":\"2012-06-02T16:52:48+00:00\",\"description\":\"Etudes\",\"breadcrumb\":{\"@id\":\"https:\\\/\\\/preprod.alarencontre.de\\\/aveculture\\\/activites\\\/etudes\\\/#breadcrumb\"},\"inLanguage\":\"fr-FR\",\"potentialAction\":[{\"@type\":\"ReadAction\",\"target\":[\"https:\\\/\\\/preprod.alarencontre.de\\\/aveculture\\\/activites\\\/etudes\\\/\"]}]},{\"@type\":\"BreadcrumbList\",\"@id\":\"https:\\\/\\\/preprod.alarencontre.de\\\/aveculture\\\/activites\\\/etudes\\\/#breadcrumb\",\"itemListElement\":[{\"@type\":\"ListItem\",\"position\":1,\"name\":\"Accueil\",\"item\":\"https:\\\/\\\/preprod.alarencontre.de\\\/aveculture\\\/\"},{\"@type\":\"ListItem\",\"position\":2,\"name\":\"Activit\u00e9s\",\"item\":\"https:\\\/\\\/preprod.alarencontre.de\\\/aveculture\\\/activites\\\/\"},{\"@type\":\"ListItem\",\"position\":3,\"name\":\"Etudes\"}]},{\"@type\":\"WebSite\",\"@id\":\"https:\\\/\\\/preprod.alarencontre.de\\\/aveculture\\\/#website\",\"url\":\"https:\\\/\\\/preprod.alarencontre.de\\\/aveculture\\\/\",\"name\":\"AVE Culture\",\"description\":\"Accompagner - Valoriser - Etudier\",\"publisher\":{\"@id\":\"https:\\\/\\\/preprod.alarencontre.de\\\/aveculture\\\/#organization\"},\"potentialAction\":[{\"@type\":\"SearchAction\",\"target\":{\"@type\":\"EntryPoint\",\"urlTemplate\":\"https:\\\/\\\/preprod.alarencontre.de\\\/aveculture\\\/?s={search_term_string}\"},\"query-input\":{\"@type\":\"PropertyValueSpecification\",\"valueRequired\":true,\"valueName\":\"search_term_string\"}}],\"inLanguage\":\"fr-FR\"},{\"@type\":\"Organization\",\"@id\":\"https:\\\/\\\/preprod.alarencontre.de\\\/aveculture\\\/#organization\",\"name\":\"AVE CULTURE\",\"url\":\"https:\\\/\\\/preprod.alarencontre.de\\\/aveculture\\\/\",\"logo\":{\"@type\":\"ImageObject\",\"inLanguage\":\"fr-FR\",\"@id\":\"https:\\\/\\\/preprod.alarencontre.de\\\/aveculture\\\/#\\\/schema\\\/logo\\\/image\\\/\",\"url\":\"https:\\\/\\\/preprod.alarencontre.de\\\/aveculture\\\/wp-content\\\/uploads\\\/2022\\\/06\\\/LOGO_AVE_CULTURE.jpg\",\"contentUrl\":\"https:\\\/\\\/preprod.alarencontre.de\\\/aveculture\\\/wp-content\\\/uploads\\\/2022\\\/06\\\/LOGO_AVE_CULTURE.jpg\",\"width\":767,\"height\":244,\"caption\":\"AVE CULTURE\"},\"image\":{\"@id\":\"https:\\\/\\\/preprod.alarencontre.de\\\/aveculture\\\/#\\\/schema\\\/logo\\\/image\\\/\"},\"sameAs\":[\"https:\\\/\\\/www.facebook.com\\\/AVE.Culture\",\"https:\\\/\\\/x.com\\\/AVECulture\"]}]}<\/script>\n<!-- \/ Yoast SEO plugin. -->","yoast_head_json":{"title":"Etudes - AVE Culture","description":"Etudes","robots":{"index":"index","follow":"follow","max-snippet":"max-snippet:-1","max-image-preview":"max-image-preview:large","max-video-preview":"max-video-preview:-1"},"canonical":"https:\/\/preprod.alarencontre.de\/aveculture\/activites\/etudes\/","og_locale":"fr_FR","og_type":"article","og_title":"Etudes - AVE Culture","og_description":"Etudes","og_url":"https:\/\/preprod.alarencontre.de\/aveculture\/activites\/etudes\/","og_site_name":"AVE Culture","article_publisher":"https:\/\/www.facebook.com\/AVE.Culture","article_modified_time":"2012-06-02T16:52:48+00:00","og_image":[{"width":767,"height":244,"url":"https:\/\/preprod.alarencontre.de\/aveculture\/wp-content\/uploads\/2022\/06\/LOGO_AVE_CULTURE.jpg","type":"image\/jpeg"}],"twitter_card":"summary_large_image","twitter_site":"@AVECulture","twitter_misc":{"Dur\u00e9e de lecture estim\u00e9e":"1 minute"},"schema":{"@context":"https:\/\/schema.org","@graph":[{"@type":"WebPage","@id":"https:\/\/preprod.alarencontre.de\/aveculture\/activites\/etudes\/","url":"https:\/\/preprod.alarencontre.de\/aveculture\/activites\/etudes\/","name":"Etudes - AVE Culture","isPartOf":{"@id":"https:\/\/preprod.alarencontre.de\/aveculture\/#website"},"datePublished":"2011-11-23T15:19:03+00:00","dateModified":"2012-06-02T16:52:48+00:00","description":"Etudes","breadcrumb":{"@id":"https:\/\/preprod.alarencontre.de\/aveculture\/activites\/etudes\/#breadcrumb"},"inLanguage":"fr-FR","potentialAction":[{"@type":"ReadAction","target":["https:\/\/preprod.alarencontre.de\/aveculture\/activites\/etudes\/"]}]},{"@type":"BreadcrumbList","@id":"https:\/\/preprod.alarencontre.de\/aveculture\/activites\/etudes\/#breadcrumb","itemListElement":[{"@type":"ListItem","position":1,"name":"Accueil","item":"https:\/\/preprod.alarencontre.de\/aveculture\/"},{"@type":"ListItem","position":2,"name":"Activit\u00e9s","item":"https:\/\/preprod.alarencontre.de\/aveculture\/activites\/"},{"@type":"ListItem","position":3,"name":"Etudes"}]},{"@type":"WebSite","@id":"https:\/\/preprod.alarencontre.de\/aveculture\/#website","url":"https:\/\/preprod.alarencontre.de\/aveculture\/","name":"AVE Culture","description":"Accompagner - Valoriser - Etudier","publisher":{"@id":"https:\/\/preprod.alarencontre.de\/aveculture\/#organization"},"potentialAction":[{"@type":"SearchAction","target":{"@type":"EntryPoint","urlTemplate":"https:\/\/preprod.alarencontre.de\/aveculture\/?s={search_term_string}"},"query-input":{"@type":"PropertyValueSpecification","valueRequired":true,"valueName":"search_term_string"}}],"inLanguage":"fr-FR"},{"@type":"Organization","@id":"https:\/\/preprod.alarencontre.de\/aveculture\/#organization","name":"AVE CULTURE","url":"https:\/\/preprod.alarencontre.de\/aveculture\/","logo":{"@type":"ImageObject","inLanguage":"fr-FR","@id":"https:\/\/preprod.alarencontre.de\/aveculture\/#\/schema\/logo\/image\/","url":"https:\/\/preprod.alarencontre.de\/aveculture\/wp-content\/uploads\/2022\/06\/LOGO_AVE_CULTURE.jpg","contentUrl":"https:\/\/preprod.alarencontre.de\/aveculture\/wp-content\/uploads\/2022\/06\/LOGO_AVE_CULTURE.jpg","width":767,"height":244,"caption":"AVE CULTURE"},"image":{"@id":"https:\/\/preprod.alarencontre.de\/aveculture\/#\/schema\/logo\/image\/"},"sameAs":["https:\/\/www.facebook.com\/AVE.Culture","https:\/\/x.com\/AVECulture"]}]}},"_links":{"self":[{"href":"https:\/\/preprod.alarencontre.de\/aveculture\/wp-json\/wp\/v2\/pages\/64","targetHints":{"allow":["GET"]}}],"collection":[{"href":"https:\/\/preprod.alarencontre.de\/aveculture\/wp-json\/wp\/v2\/pages"}],"about":[{"href":"https:\/\/preprod.alarencontre.de\/aveculture\/wp-json\/wp\/v2\/types\/page"}],"author":[{"embeddable":true,"href":"https:\/\/preprod.alarencontre.de\/aveculture\/wp-json\/wp\/v2\/users\/4"}],"replies":[{"embeddable":true,"href":"https:\/\/preprod.alarencontre.de\/aveculture\/wp-json\/wp\/v2\/comments?post=64"}],"version-history":[{"count":0,"href":"https:\/\/preprod.alarencontre.de\/aveculture\/wp-json\/wp\/v2\/pages\/64\/revisions"}],"up":[{"embeddable":true,"href":"https:\/\/preprod.alarencontre.de\/aveculture\/wp-json\/wp\/v2\/pages\/52"}],"wp:attachment":[{"href":"https:\/\/preprod.alarencontre.de\/aveculture\/wp-json\/wp\/v2\/media?parent=64"}],"curies":[{"name":"wp","href":"https:\/\/api.w.org\/{rel}","templated":true}]}}