{"id":68,"date":"2011-11-23T15:31:05","date_gmt":"2011-11-23T15:31:05","guid":{"rendered":"http:\/\/aveculture.fr\/?page_id=68"},"modified":"2021-02-08T13:16:32","modified_gmt":"2021-02-08T13:16:32","slug":"profil","status":"publish","type":"page","link":"https:\/\/preprod.alarencontre.de\/aveculture\/profil\/","title":{"rendered":"Profil &#8211; Aur\u00e9lien VIGOUROUX"},"content":{"rendered":"<h3><strong>Un mus\u00e9ographe sp\u00e9cialiste des m\u00e9diations innovantes<\/strong><\/h3>\n<p>D\u00e8s l\u2019enseignement secondaire, il suit une formation sp\u00e9cifique en <strong>histoire de l\u2019art<\/strong>. Lors de son cursus, en troisi\u00e8me cycle universitaire, il se sp\u00e9cialise dans les domaines de l\u2019<strong>arch\u00e9ologie<\/strong> puis de la <strong>mus\u00e9ographie interactive<\/strong>.<\/p>\n<p>Apr\u00e8s quelques ann\u00e9es pass\u00e9es au sein d\u2019une soci\u00e9t\u00e9 de production et d\u2019installation d\u2019\u00e9quipements mus\u00e9ographiques interactifs et multim\u00e9dias, \u00e0 un poste de chef de projet, il d\u00e9cide de cr\u00e9er <strong>AVE Culture<\/strong> afin de relever les <strong>nouveaux d\u00e9fis de la valorisation et de la transmission de nos patrimoines culturels<\/strong>.<\/p>\n<p>Au sein de AVE Culture, outre sa fonction de g\u00e9rant, le r\u00f4le de Aur\u00e9lien Vigouroux est donc de proposer <strong>une expertise en mus\u00e9ographie \u00e0 l\u2019interface des probl\u00e9matiques techniques li\u00e9es \u00e0 l\u2019innovation<\/strong> (celles des prestataires) et<strong> conceptuelles<\/strong> (celles des instances d\u00e9cisionnaires et scientifiques).<\/p>\n<p style=\"text-align: justify;\"><a href=\"https:\/\/preprod.alarencontre.de\/aveculture\/wp-content\/uploads\/2021\/02\/auto_portrait_aurelien_logo-3-scaled.jpg\"><img loading=\"lazy\" decoding=\"async\" class=\"aligncenter  wp-image-925\" src=\"https:\/\/preprod.alarencontre.de\/aveculture\/wp-content\/uploads\/2021\/02\/auto_portrait_aurelien_logo-3-scaled.jpg\" alt=\"\" width=\"418\" height=\"467\" \/><\/a><\/p>\n","protected":false},"excerpt":{"rendered":"<p>Un mus\u00e9ographe sp\u00e9cialiste des m\u00e9diations innovantes D\u00e8s l\u2019enseignement secondaire, il suit une formation sp\u00e9cifique en histoire de l\u2019art. Lors de son cursus, en troisi\u00e8me cycle universitaire, il se sp\u00e9cialise dans les domaines de l\u2019arch\u00e9ologie puis de la mus\u00e9ographie interactive. Apr\u00e8s quelques ann\u00e9es pass\u00e9es au sein d\u2019une soci\u00e9t\u00e9 de production et d\u2019installation d\u2019\u00e9quipements mus\u00e9ographiques interactifs et &hellip; <a href=\"https:\/\/preprod.alarencontre.de\/aveculture\/profil\/\" class=\"more-link\">Continuer la lecture de <span class=\"screen-reader-text\">Profil &#8211; Aur\u00e9lien VIGOUROUX<\/span><\/a><\/p>\n","protected":false},"author":4,"featured_media":0,"parent":0,"menu_order":0,"comment_status":"closed","ping_status":"closed","template":"","meta":{"iawp_total_views":599,"footnotes":""},"class_list":["post-68","page","type-page","status-publish","hentry"],"yoast_head":"<!-- This site is optimized with the Yoast SEO plugin v27.3 - https:\/\/yoast.com\/product\/yoast-seo-wordpress\/ -->\n<title>Profil - Aur\u00e9lien VIGOUROUX - AVE Culture<\/title>\n<meta name=\"description\" content=\"Profil - Aur\u00e9lien VIGOUROUX\" \/>\n<meta name=\"robots\" content=\"index, follow, max-snippet:-1, max-image-preview:large, max-video-preview:-1\" \/>\n<link rel=\"canonical\" href=\"https:\/\/preprod.alarencontre.de\/aveculture\/profil\/\" \/>\n<meta property=\"og:locale\" content=\"fr_FR\" \/>\n<meta property=\"og:type\" content=\"article\" \/>\n<meta property=\"og:title\" content=\"Profil - Aur\u00e9lien VIGOUROUX - AVE Culture\" \/>\n<meta property=\"og:description\" content=\"Profil - Aur\u00e9lien VIGOUROUX\" \/>\n<meta property=\"og:url\" content=\"https:\/\/preprod.alarencontre.de\/aveculture\/profil\/\" \/>\n<meta property=\"og:site_name\" content=\"AVE Culture\" \/>\n<meta property=\"article:publisher\" content=\"https:\/\/www.facebook.com\/AVE.Culture\" \/>\n<meta property=\"article:modified_time\" content=\"2021-02-08T13:16:32+00:00\" \/>\n<meta property=\"og:image\" content=\"https:\/\/preprod.alarencontre.de\/aveculture\/wp-content\/uploads\/2021\/02\/auto_portrait_aurelien_logo-3-scaled.jpg\" \/>\n<meta name=\"twitter:card\" content=\"summary_large_image\" \/>\n<meta name=\"twitter:site\" content=\"@AVECulture\" \/>\n<meta name=\"twitter:label1\" content=\"Dur\u00e9e de lecture estim\u00e9e\" \/>\n\t<meta name=\"twitter:data1\" content=\"1 minute\" \/>\n<script type=\"application\/ld+json\" class=\"yoast-schema-graph\">{\"@context\":\"https:\\\/\\\/schema.org\",\"@graph\":[{\"@type\":\"WebPage\",\"@id\":\"https:\\\/\\\/preprod.alarencontre.de\\\/aveculture\\\/profil\\\/\",\"url\":\"https:\\\/\\\/preprod.alarencontre.de\\\/aveculture\\\/profil\\\/\",\"name\":\"Profil - Aur\u00e9lien VIGOUROUX - AVE Culture\",\"isPartOf\":{\"@id\":\"https:\\\/\\\/preprod.alarencontre.de\\\/aveculture\\\/#website\"},\"primaryImageOfPage\":{\"@id\":\"https:\\\/\\\/preprod.alarencontre.de\\\/aveculture\\\/profil\\\/#primaryimage\"},\"image\":{\"@id\":\"https:\\\/\\\/preprod.alarencontre.de\\\/aveculture\\\/profil\\\/#primaryimage\"},\"thumbnailUrl\":\"https:\\\/\\\/preprod.alarencontre.de\\\/aveculture\\\/wp-content\\\/uploads\\\/2021\\\/02\\\/auto_portrait_aurelien_logo-3-scaled.jpg\",\"datePublished\":\"2011-11-23T15:31:05+00:00\",\"dateModified\":\"2021-02-08T13:16:32+00:00\",\"description\":\"Profil - Aur\u00e9lien VIGOUROUX\",\"breadcrumb\":{\"@id\":\"https:\\\/\\\/preprod.alarencontre.de\\\/aveculture\\\/profil\\\/#breadcrumb\"},\"inLanguage\":\"fr-FR\",\"potentialAction\":[{\"@type\":\"ReadAction\",\"target\":[\"https:\\\/\\\/preprod.alarencontre.de\\\/aveculture\\\/profil\\\/\"]}]},{\"@type\":\"ImageObject\",\"inLanguage\":\"fr-FR\",\"@id\":\"https:\\\/\\\/preprod.alarencontre.de\\\/aveculture\\\/profil\\\/#primaryimage\",\"url\":\"https:\\\/\\\/preprod.alarencontre.de\\\/aveculture\\\/wp-content\\\/uploads\\\/2021\\\/02\\\/auto_portrait_aurelien_logo-3-scaled.jpg\",\"contentUrl\":\"https:\\\/\\\/preprod.alarencontre.de\\\/aveculture\\\/wp-content\\\/uploads\\\/2021\\\/02\\\/auto_portrait_aurelien_logo-3-scaled.jpg\"},{\"@type\":\"BreadcrumbList\",\"@id\":\"https:\\\/\\\/preprod.alarencontre.de\\\/aveculture\\\/profil\\\/#breadcrumb\",\"itemListElement\":[{\"@type\":\"ListItem\",\"position\":1,\"name\":\"Accueil\",\"item\":\"https:\\\/\\\/preprod.alarencontre.de\\\/aveculture\\\/\"},{\"@type\":\"ListItem\",\"position\":2,\"name\":\"Profil &#8211; Aur\u00e9lien VIGOUROUX\"}]},{\"@type\":\"WebSite\",\"@id\":\"https:\\\/\\\/preprod.alarencontre.de\\\/aveculture\\\/#website\",\"url\":\"https:\\\/\\\/preprod.alarencontre.de\\\/aveculture\\\/\",\"name\":\"AVE Culture\",\"description\":\"Accompagner - Valoriser - Etudier\",\"publisher\":{\"@id\":\"https:\\\/\\\/preprod.alarencontre.de\\\/aveculture\\\/#organization\"},\"potentialAction\":[{\"@type\":\"SearchAction\",\"target\":{\"@type\":\"EntryPoint\",\"urlTemplate\":\"https:\\\/\\\/preprod.alarencontre.de\\\/aveculture\\\/?s={search_term_string}\"},\"query-input\":{\"@type\":\"PropertyValueSpecification\",\"valueRequired\":true,\"valueName\":\"search_term_string\"}}],\"inLanguage\":\"fr-FR\"},{\"@type\":\"Organization\",\"@id\":\"https:\\\/\\\/preprod.alarencontre.de\\\/aveculture\\\/#organization\",\"name\":\"AVE CULTURE\",\"url\":\"https:\\\/\\\/preprod.alarencontre.de\\\/aveculture\\\/\",\"logo\":{\"@type\":\"ImageObject\",\"inLanguage\":\"fr-FR\",\"@id\":\"https:\\\/\\\/preprod.alarencontre.de\\\/aveculture\\\/#\\\/schema\\\/logo\\\/image\\\/\",\"url\":\"https:\\\/\\\/preprod.alarencontre.de\\\/aveculture\\\/wp-content\\\/uploads\\\/2022\\\/06\\\/LOGO_AVE_CULTURE.jpg\",\"contentUrl\":\"https:\\\/\\\/preprod.alarencontre.de\\\/aveculture\\\/wp-content\\\/uploads\\\/2022\\\/06\\\/LOGO_AVE_CULTURE.jpg\",\"width\":767,\"height\":244,\"caption\":\"AVE CULTURE\"},\"image\":{\"@id\":\"https:\\\/\\\/preprod.alarencontre.de\\\/aveculture\\\/#\\\/schema\\\/logo\\\/image\\\/\"},\"sameAs\":[\"https:\\\/\\\/www.facebook.com\\\/AVE.Culture\",\"https:\\\/\\\/x.com\\\/AVECulture\"]}]}<\/script>\n<!-- \/ Yoast SEO plugin. -->","yoast_head_json":{"title":"Profil - Aur\u00e9lien VIGOUROUX - AVE Culture","description":"Profil - Aur\u00e9lien VIGOUROUX","robots":{"index":"index","follow":"follow","max-snippet":"max-snippet:-1","max-image-preview":"max-image-preview:large","max-video-preview":"max-video-preview:-1"},"canonical":"https:\/\/preprod.alarencontre.de\/aveculture\/profil\/","og_locale":"fr_FR","og_type":"article","og_title":"Profil - Aur\u00e9lien VIGOUROUX - AVE Culture","og_description":"Profil - Aur\u00e9lien VIGOUROUX","og_url":"https:\/\/preprod.alarencontre.de\/aveculture\/profil\/","og_site_name":"AVE Culture","article_publisher":"https:\/\/www.facebook.com\/AVE.Culture","article_modified_time":"2021-02-08T13:16:32+00:00","og_image":[{"url":"https:\/\/preprod.alarencontre.de\/aveculture\/wp-content\/uploads\/2021\/02\/auto_portrait_aurelien_logo-3-scaled.jpg","type":"","width":"","height":""}],"twitter_card":"summary_large_image","twitter_site":"@AVECulture","twitter_misc":{"Dur\u00e9e de lecture estim\u00e9e":"1 minute"},"schema":{"@context":"https:\/\/schema.org","@graph":[{"@type":"WebPage","@id":"https:\/\/preprod.alarencontre.de\/aveculture\/profil\/","url":"https:\/\/preprod.alarencontre.de\/aveculture\/profil\/","name":"Profil - Aur\u00e9lien VIGOUROUX - AVE Culture","isPartOf":{"@id":"https:\/\/preprod.alarencontre.de\/aveculture\/#website"},"primaryImageOfPage":{"@id":"https:\/\/preprod.alarencontre.de\/aveculture\/profil\/#primaryimage"},"image":{"@id":"https:\/\/preprod.alarencontre.de\/aveculture\/profil\/#primaryimage"},"thumbnailUrl":"https:\/\/preprod.alarencontre.de\/aveculture\/wp-content\/uploads\/2021\/02\/auto_portrait_aurelien_logo-3-scaled.jpg","datePublished":"2011-11-23T15:31:05+00:00","dateModified":"2021-02-08T13:16:32+00:00","description":"Profil - Aur\u00e9lien VIGOUROUX","breadcrumb":{"@id":"https:\/\/preprod.alarencontre.de\/aveculture\/profil\/#breadcrumb"},"inLanguage":"fr-FR","potentialAction":[{"@type":"ReadAction","target":["https:\/\/preprod.alarencontre.de\/aveculture\/profil\/"]}]},{"@type":"ImageObject","inLanguage":"fr-FR","@id":"https:\/\/preprod.alarencontre.de\/aveculture\/profil\/#primaryimage","url":"https:\/\/preprod.alarencontre.de\/aveculture\/wp-content\/uploads\/2021\/02\/auto_portrait_aurelien_logo-3-scaled.jpg","contentUrl":"https:\/\/preprod.alarencontre.de\/aveculture\/wp-content\/uploads\/2021\/02\/auto_portrait_aurelien_logo-3-scaled.jpg"},{"@type":"BreadcrumbList","@id":"https:\/\/preprod.alarencontre.de\/aveculture\/profil\/#breadcrumb","itemListElement":[{"@type":"ListItem","position":1,"name":"Accueil","item":"https:\/\/preprod.alarencontre.de\/aveculture\/"},{"@type":"ListItem","position":2,"name":"Profil &#8211; Aur\u00e9lien VIGOUROUX"}]},{"@type":"WebSite","@id":"https:\/\/preprod.alarencontre.de\/aveculture\/#website","url":"https:\/\/preprod.alarencontre.de\/aveculture\/","name":"AVE Culture","description":"Accompagner - Valoriser - Etudier","publisher":{"@id":"https:\/\/preprod.alarencontre.de\/aveculture\/#organization"},"potentialAction":[{"@type":"SearchAction","target":{"@type":"EntryPoint","urlTemplate":"https:\/\/preprod.alarencontre.de\/aveculture\/?s={search_term_string}"},"query-input":{"@type":"PropertyValueSpecification","valueRequired":true,"valueName":"search_term_string"}}],"inLanguage":"fr-FR"},{"@type":"Organization","@id":"https:\/\/preprod.alarencontre.de\/aveculture\/#organization","name":"AVE CULTURE","url":"https:\/\/preprod.alarencontre.de\/aveculture\/","logo":{"@type":"ImageObject","inLanguage":"fr-FR","@id":"https:\/\/preprod.alarencontre.de\/aveculture\/#\/schema\/logo\/image\/","url":"https:\/\/preprod.alarencontre.de\/aveculture\/wp-content\/uploads\/2022\/06\/LOGO_AVE_CULTURE.jpg","contentUrl":"https:\/\/preprod.alarencontre.de\/aveculture\/wp-content\/uploads\/2022\/06\/LOGO_AVE_CULTURE.jpg","width":767,"height":244,"caption":"AVE CULTURE"},"image":{"@id":"https:\/\/preprod.alarencontre.de\/aveculture\/#\/schema\/logo\/image\/"},"sameAs":["https:\/\/www.facebook.com\/AVE.Culture","https:\/\/x.com\/AVECulture"]}]}},"_links":{"self":[{"href":"https:\/\/preprod.alarencontre.de\/aveculture\/wp-json\/wp\/v2\/pages\/68","targetHints":{"allow":["GET"]}}],"collection":[{"href":"https:\/\/preprod.alarencontre.de\/aveculture\/wp-json\/wp\/v2\/pages"}],"about":[{"href":"https:\/\/preprod.alarencontre.de\/aveculture\/wp-json\/wp\/v2\/types\/page"}],"author":[{"embeddable":true,"href":"https:\/\/preprod.alarencontre.de\/aveculture\/wp-json\/wp\/v2\/users\/4"}],"replies":[{"embeddable":true,"href":"https:\/\/preprod.alarencontre.de\/aveculture\/wp-json\/wp\/v2\/comments?post=68"}],"version-history":[{"count":0,"href":"https:\/\/preprod.alarencontre.de\/aveculture\/wp-json\/wp\/v2\/pages\/68\/revisions"}],"wp:attachment":[{"href":"https:\/\/preprod.alarencontre.de\/aveculture\/wp-json\/wp\/v2\/media?parent=68"}],"curies":[{"name":"wp","href":"https:\/\/api.w.org\/{rel}","templated":true}]}}