{"id":77,"date":"2011-11-23T15:40:22","date_gmt":"2011-11-23T15:40:22","guid":{"rendered":"http:\/\/aveculture.fr\/?page_id=77"},"modified":"2023-05-16T09:09:26","modified_gmt":"2023-05-16T09:09:26","slug":"experiences","status":"publish","type":"page","link":"https:\/\/preprod.alarencontre.de\/aveculture\/profil\/experiences\/","title":{"rendered":"Exp\u00e9riences"},"content":{"rendered":"<p style=\"text-align: justify;\"><strong>Mus\u00e9ographe et g\u00e9rant<\/strong> &#8211; Ing\u00e9nierie culturelle pour l&rsquo;accompagnement, la valorisation et les \u00e9tudes, gestion administrative et commerciale. <strong>AVE Culture SARL<\/strong> &#8211; <strong>depuis 2011<\/strong><\/p>\n<p><strong>Reconstituteur et animateur d\u2019atelier p\u00e9dagogiques &#8211;<\/strong> Co-fondation de l\u2019association <em>La Compaigne du Petit Meschin <\/em>qui d\u00e9veloppe une activit\u00e9 d\u2019arch\u00e9ologie exp\u00e9rimentale et d\u2019animation p\u00e9dagogique centr\u00e9es autour des th\u00e9matiques du bas Moyen Age aupr\u00e8s des publics de sites historiques (monuments, villages et cit\u00e9s historiques, villes d\u2019Art et d\u2019Histoire, etc.). <strong>Compaigne du Petit Meschin<\/strong> \/ <strong>depuis 2010<\/strong><\/p>\n<p><strong>Formateur \/ intervenant<\/strong> &#8211; Modules relatifs \u00e0 la mus\u00e9ographie. Th\u00e9matiques : l\u2019innovation technologique au service de la m\u00e9diation et de la valorisation du patrimoine \/ conception d\u2019expositions et d\u2019animations \/ valoriser les collections \/ \u00e9criture des documents de m\u00e9diation. <strong>Universit\u00e9s<\/strong> de Toulouse Jean-Jaur\u00e8s, d\u2019Avignon Sainte-Marthe et IUT de Toulouse \/ <strong>depuis 2015<\/strong><\/p>\n<p><strong>Charg\u00e9 de production<\/strong> &#8211; Chef de projet au sein d\u2019une soci\u00e9t\u00e9 de productions mus\u00e9ographiques, audiovisuelles et multim\u00e9dias : suivi des projets, gestion de la production, r\u00e9ponses aux appels d\u2019offres, d\u00e9finition des supports de communication, interface client. <strong>2008 \/ 2011<\/strong><\/p>\n<p><strong>Charg\u00e9 de projet<\/strong> &#8211; Elaboration d\u2019un projet de m\u00e9diation culturelle d\u00e9velopp\u00e9e sur multim\u00e9dias mobiles pour le patrimoine architectural toulousain. Couvent des Jacobins, Mairie de Toulouse, 31 &#8211; <strong>2007<\/strong><\/p>\n","protected":false},"excerpt":{"rendered":"<p>Mus\u00e9ographe et g\u00e9rant &#8211; Ing\u00e9nierie culturelle pour l&rsquo;accompagnement, la valorisation et les \u00e9tudes, gestion administrative et commerciale. AVE Culture SARL &#8211; depuis 2011 Reconstituteur et animateur d\u2019atelier p\u00e9dagogiques &#8211; Co-fondation de l\u2019association La Compaigne du Petit Meschin qui d\u00e9veloppe une activit\u00e9 d\u2019arch\u00e9ologie exp\u00e9rimentale et d\u2019animation p\u00e9dagogique centr\u00e9es autour des th\u00e9matiques du bas Moyen Age aupr\u00e8s &hellip; <a href=\"https:\/\/preprod.alarencontre.de\/aveculture\/profil\/experiences\/\" class=\"more-link\">Continuer la lecture de <span class=\"screen-reader-text\">Exp\u00e9riences<\/span><\/a><\/p>\n","protected":false},"author":4,"featured_media":0,"parent":68,"menu_order":0,"comment_status":"closed","ping_status":"closed","template":"","meta":{"iawp_total_views":111,"footnotes":""},"class_list":["post-77","page","type-page","status-publish","hentry"],"yoast_head":"<!-- This site is optimized with the Yoast SEO plugin v27.3 - https:\/\/yoast.com\/product\/yoast-seo-wordpress\/ -->\n<title>Exp\u00e9riences - AVE Culture<\/title>\n<meta name=\"description\" content=\"Exp\u00e9riences\" \/>\n<meta name=\"robots\" content=\"index, follow, max-snippet:-1, max-image-preview:large, max-video-preview:-1\" \/>\n<link rel=\"canonical\" href=\"https:\/\/preprod.alarencontre.de\/aveculture\/profil\/experiences\/\" \/>\n<meta property=\"og:locale\" content=\"fr_FR\" \/>\n<meta property=\"og:type\" content=\"article\" \/>\n<meta property=\"og:title\" content=\"Exp\u00e9riences - AVE Culture\" \/>\n<meta property=\"og:description\" content=\"Exp\u00e9riences\" \/>\n<meta property=\"og:url\" content=\"https:\/\/preprod.alarencontre.de\/aveculture\/profil\/experiences\/\" \/>\n<meta property=\"og:site_name\" content=\"AVE Culture\" \/>\n<meta property=\"article:publisher\" content=\"https:\/\/www.facebook.com\/AVE.Culture\" \/>\n<meta property=\"article:modified_time\" content=\"2023-05-16T09:09:26+00:00\" \/>\n<meta property=\"og:image\" content=\"https:\/\/preprod.alarencontre.de\/aveculture\/wp-content\/uploads\/2022\/06\/LOGO_AVE_CULTURE.jpg\" \/>\n\t<meta property=\"og:image:width\" content=\"767\" \/>\n\t<meta property=\"og:image:height\" content=\"244\" \/>\n\t<meta property=\"og:image:type\" content=\"image\/jpeg\" \/>\n<meta name=\"twitter:card\" content=\"summary_large_image\" \/>\n<meta name=\"twitter:site\" content=\"@AVECulture\" \/>\n<meta name=\"twitter:label1\" content=\"Dur\u00e9e de lecture estim\u00e9e\" \/>\n\t<meta name=\"twitter:data1\" content=\"1 minute\" \/>\n<script type=\"application\/ld+json\" class=\"yoast-schema-graph\">{\"@context\":\"https:\\\/\\\/schema.org\",\"@graph\":[{\"@type\":\"WebPage\",\"@id\":\"https:\\\/\\\/preprod.alarencontre.de\\\/aveculture\\\/profil\\\/experiences\\\/\",\"url\":\"https:\\\/\\\/preprod.alarencontre.de\\\/aveculture\\\/profil\\\/experiences\\\/\",\"name\":\"Exp\u00e9riences - AVE Culture\",\"isPartOf\":{\"@id\":\"https:\\\/\\\/preprod.alarencontre.de\\\/aveculture\\\/#website\"},\"datePublished\":\"2011-11-23T15:40:22+00:00\",\"dateModified\":\"2023-05-16T09:09:26+00:00\",\"description\":\"Exp\u00e9riences\",\"breadcrumb\":{\"@id\":\"https:\\\/\\\/preprod.alarencontre.de\\\/aveculture\\\/profil\\\/experiences\\\/#breadcrumb\"},\"inLanguage\":\"fr-FR\",\"potentialAction\":[{\"@type\":\"ReadAction\",\"target\":[\"https:\\\/\\\/preprod.alarencontre.de\\\/aveculture\\\/profil\\\/experiences\\\/\"]}]},{\"@type\":\"BreadcrumbList\",\"@id\":\"https:\\\/\\\/preprod.alarencontre.de\\\/aveculture\\\/profil\\\/experiences\\\/#breadcrumb\",\"itemListElement\":[{\"@type\":\"ListItem\",\"position\":1,\"name\":\"Accueil\",\"item\":\"https:\\\/\\\/preprod.alarencontre.de\\\/aveculture\\\/\"},{\"@type\":\"ListItem\",\"position\":2,\"name\":\"Profil &#8211; Aur\u00e9lien VIGOUROUX\",\"item\":\"https:\\\/\\\/preprod.alarencontre.de\\\/aveculture\\\/profil\\\/\"},{\"@type\":\"ListItem\",\"position\":3,\"name\":\"Exp\u00e9riences\"}]},{\"@type\":\"WebSite\",\"@id\":\"https:\\\/\\\/preprod.alarencontre.de\\\/aveculture\\\/#website\",\"url\":\"https:\\\/\\\/preprod.alarencontre.de\\\/aveculture\\\/\",\"name\":\"AVE Culture\",\"description\":\"Accompagner - Valoriser - Etudier\",\"publisher\":{\"@id\":\"https:\\\/\\\/preprod.alarencontre.de\\\/aveculture\\\/#organization\"},\"potentialAction\":[{\"@type\":\"SearchAction\",\"target\":{\"@type\":\"EntryPoint\",\"urlTemplate\":\"https:\\\/\\\/preprod.alarencontre.de\\\/aveculture\\\/?s={search_term_string}\"},\"query-input\":{\"@type\":\"PropertyValueSpecification\",\"valueRequired\":true,\"valueName\":\"search_term_string\"}}],\"inLanguage\":\"fr-FR\"},{\"@type\":\"Organization\",\"@id\":\"https:\\\/\\\/preprod.alarencontre.de\\\/aveculture\\\/#organization\",\"name\":\"AVE CULTURE\",\"url\":\"https:\\\/\\\/preprod.alarencontre.de\\\/aveculture\\\/\",\"logo\":{\"@type\":\"ImageObject\",\"inLanguage\":\"fr-FR\",\"@id\":\"https:\\\/\\\/preprod.alarencontre.de\\\/aveculture\\\/#\\\/schema\\\/logo\\\/image\\\/\",\"url\":\"https:\\\/\\\/preprod.alarencontre.de\\\/aveculture\\\/wp-content\\\/uploads\\\/2022\\\/06\\\/LOGO_AVE_CULTURE.jpg\",\"contentUrl\":\"https:\\\/\\\/preprod.alarencontre.de\\\/aveculture\\\/wp-content\\\/uploads\\\/2022\\\/06\\\/LOGO_AVE_CULTURE.jpg\",\"width\":767,\"height\":244,\"caption\":\"AVE CULTURE\"},\"image\":{\"@id\":\"https:\\\/\\\/preprod.alarencontre.de\\\/aveculture\\\/#\\\/schema\\\/logo\\\/image\\\/\"},\"sameAs\":[\"https:\\\/\\\/www.facebook.com\\\/AVE.Culture\",\"https:\\\/\\\/x.com\\\/AVECulture\"]}]}<\/script>\n<!-- \/ Yoast SEO plugin. -->","yoast_head_json":{"title":"Exp\u00e9riences - AVE Culture","description":"Exp\u00e9riences","robots":{"index":"index","follow":"follow","max-snippet":"max-snippet:-1","max-image-preview":"max-image-preview:large","max-video-preview":"max-video-preview:-1"},"canonical":"https:\/\/preprod.alarencontre.de\/aveculture\/profil\/experiences\/","og_locale":"fr_FR","og_type":"article","og_title":"Exp\u00e9riences - AVE Culture","og_description":"Exp\u00e9riences","og_url":"https:\/\/preprod.alarencontre.de\/aveculture\/profil\/experiences\/","og_site_name":"AVE Culture","article_publisher":"https:\/\/www.facebook.com\/AVE.Culture","article_modified_time":"2023-05-16T09:09:26+00:00","og_image":[{"width":767,"height":244,"url":"https:\/\/preprod.alarencontre.de\/aveculture\/wp-content\/uploads\/2022\/06\/LOGO_AVE_CULTURE.jpg","type":"image\/jpeg"}],"twitter_card":"summary_large_image","twitter_site":"@AVECulture","twitter_misc":{"Dur\u00e9e de lecture estim\u00e9e":"1 minute"},"schema":{"@context":"https:\/\/schema.org","@graph":[{"@type":"WebPage","@id":"https:\/\/preprod.alarencontre.de\/aveculture\/profil\/experiences\/","url":"https:\/\/preprod.alarencontre.de\/aveculture\/profil\/experiences\/","name":"Exp\u00e9riences - AVE Culture","isPartOf":{"@id":"https:\/\/preprod.alarencontre.de\/aveculture\/#website"},"datePublished":"2011-11-23T15:40:22+00:00","dateModified":"2023-05-16T09:09:26+00:00","description":"Exp\u00e9riences","breadcrumb":{"@id":"https:\/\/preprod.alarencontre.de\/aveculture\/profil\/experiences\/#breadcrumb"},"inLanguage":"fr-FR","potentialAction":[{"@type":"ReadAction","target":["https:\/\/preprod.alarencontre.de\/aveculture\/profil\/experiences\/"]}]},{"@type":"BreadcrumbList","@id":"https:\/\/preprod.alarencontre.de\/aveculture\/profil\/experiences\/#breadcrumb","itemListElement":[{"@type":"ListItem","position":1,"name":"Accueil","item":"https:\/\/preprod.alarencontre.de\/aveculture\/"},{"@type":"ListItem","position":2,"name":"Profil &#8211; Aur\u00e9lien VIGOUROUX","item":"https:\/\/preprod.alarencontre.de\/aveculture\/profil\/"},{"@type":"ListItem","position":3,"name":"Exp\u00e9riences"}]},{"@type":"WebSite","@id":"https:\/\/preprod.alarencontre.de\/aveculture\/#website","url":"https:\/\/preprod.alarencontre.de\/aveculture\/","name":"AVE Culture","description":"Accompagner - Valoriser - Etudier","publisher":{"@id":"https:\/\/preprod.alarencontre.de\/aveculture\/#organization"},"potentialAction":[{"@type":"SearchAction","target":{"@type":"EntryPoint","urlTemplate":"https:\/\/preprod.alarencontre.de\/aveculture\/?s={search_term_string}"},"query-input":{"@type":"PropertyValueSpecification","valueRequired":true,"valueName":"search_term_string"}}],"inLanguage":"fr-FR"},{"@type":"Organization","@id":"https:\/\/preprod.alarencontre.de\/aveculture\/#organization","name":"AVE CULTURE","url":"https:\/\/preprod.alarencontre.de\/aveculture\/","logo":{"@type":"ImageObject","inLanguage":"fr-FR","@id":"https:\/\/preprod.alarencontre.de\/aveculture\/#\/schema\/logo\/image\/","url":"https:\/\/preprod.alarencontre.de\/aveculture\/wp-content\/uploads\/2022\/06\/LOGO_AVE_CULTURE.jpg","contentUrl":"https:\/\/preprod.alarencontre.de\/aveculture\/wp-content\/uploads\/2022\/06\/LOGO_AVE_CULTURE.jpg","width":767,"height":244,"caption":"AVE CULTURE"},"image":{"@id":"https:\/\/preprod.alarencontre.de\/aveculture\/#\/schema\/logo\/image\/"},"sameAs":["https:\/\/www.facebook.com\/AVE.Culture","https:\/\/x.com\/AVECulture"]}]}},"_links":{"self":[{"href":"https:\/\/preprod.alarencontre.de\/aveculture\/wp-json\/wp\/v2\/pages\/77","targetHints":{"allow":["GET"]}}],"collection":[{"href":"https:\/\/preprod.alarencontre.de\/aveculture\/wp-json\/wp\/v2\/pages"}],"about":[{"href":"https:\/\/preprod.alarencontre.de\/aveculture\/wp-json\/wp\/v2\/types\/page"}],"author":[{"embeddable":true,"href":"https:\/\/preprod.alarencontre.de\/aveculture\/wp-json\/wp\/v2\/users\/4"}],"replies":[{"embeddable":true,"href":"https:\/\/preprod.alarencontre.de\/aveculture\/wp-json\/wp\/v2\/comments?post=77"}],"version-history":[{"count":0,"href":"https:\/\/preprod.alarencontre.de\/aveculture\/wp-json\/wp\/v2\/pages\/77\/revisions"}],"up":[{"embeddable":true,"href":"https:\/\/preprod.alarencontre.de\/aveculture\/wp-json\/wp\/v2\/pages\/68"}],"wp:attachment":[{"href":"https:\/\/preprod.alarencontre.de\/aveculture\/wp-json\/wp\/v2\/media?parent=77"}],"curies":[{"name":"wp","href":"https:\/\/api.w.org\/{rel}","templated":true}]}}